{"id":26684,"date":"2022-08-30T14:44:59","date_gmt":"2022-08-30T19:44:59","guid":{"rendered":"https:\/\/www.tiatula.com.ec\/tienda\/?page_id=26684"},"modified":"2022-09-24T12:14:35","modified_gmt":"2022-09-24T17:14:35","slug":"caratulas","status":"publish","type":"page","link":"https:\/\/www.tiatula.com.ec\/tienda\/caratulas\/","title":{"rendered":"Car\u00e1tulas"},"content":{"rendered":"\t\t<div data-elementor-type=\"wp-page\" data-elementor-id=\"26684\" class=\"elementor elementor-26684\">\n\t\t\t\t\t\t<div class=\"elementor-inner\">\n\t\t\t\t<div class=\"elementor-section-wrap\">\n\t\t\t\t\t\t\t\t\t<section class=\"elementor-section elementor-top-section elementor-element elementor-element-c2d2563 elementor-section-boxed elementor-section-height-default elementor-section-height-default\" data-id=\"c2d2563\" data-element_type=\"section\">\n\t\t\t\t\t\t<div class=\"elementor-container elementor-column-gap-default\">\n\t\t\t\t\t\t\t<div class=\"elementor-row\">\n\t\t\t\t\t<div class=\"elementor-column elementor-col-100 elementor-top-column elementor-element elementor-element-6138d0c\" data-id=\"6138d0c\" data-element_type=\"column\">\n\t\t\t<div class=\"elementor-column-wrap elementor-element-populated\">\n\t\t\t\t\t\t\t<div class=\"elementor-widget-wrap\">\n\t\t\t\t\t\t<div class=\"elementor-element elementor-element-1cecbf7 elementor-widget elementor-widget-heading\" data-id=\"1cecbf7\" data-element_type=\"widget\" data-widget_type=\"heading.default\">\n\t\t\t\t<div class=\"elementor-widget-container\">\n\t\t\t<h2 class=\"elementor-heading-title elementor-size-default\">Descarga las caratulas que m\u00e1s te gusten.<\/h2>\t\t<\/div>\n\t\t\t\t<\/div>\n\t\t\t\t\t\t<\/div>\n\t\t\t\t\t<\/div>\n\t\t<\/div>\n\t\t\t\t\t\t\t\t<\/div>\n\t\t\t\t\t<\/div>\n\t\t<\/section>\n\t\t\t\t<section class=\"elementor-section elementor-top-section elementor-element elementor-element-2f087b2 elementor-section-boxed elementor-section-height-default elementor-section-height-default\" data-id=\"2f087b2\" data-element_type=\"section\">\n\t\t\t\t\t\t<div class=\"elementor-container elementor-column-gap-default\">\n\t\t\t\t\t\t\t<div class=\"elementor-row\">\n\t\t\t\t\t<div class=\"elementor-column elementor-col-100 elementor-top-column elementor-element elementor-element-e58dc2d\" data-id=\"e58dc2d\" data-element_type=\"column\">\n\t\t\t<div class=\"elementor-column-wrap elementor-element-populated\">\n\t\t\t\t\t\t\t<div class=\"elementor-widget-wrap\">\n\t\t\t\t\t\t<div class=\"elementor-element elementor-element-b51022f elementor-widget elementor-widget-text-editor\" data-id=\"b51022f\" data-element_type=\"widget\" data-widget_type=\"text-editor.default\">\n\t\t\t\t<div class=\"elementor-widget-container\">\n\t\t\t\t\t\t\t\t<div class=\"elementor-text-editor elementor-clearfix\">\n\t\t\t\t<p>Solo debes dar <span class=\"error grammar\" title=\"\u00bfQuer\u00eda decir \u00abclic\u00bb?\" data-type=\"grammar\" data-suggestions=\"[{&quot;value&quot;:&quot;clic&quot;}]\" data-rule=\"ES_SIMPLE_REPLACE_CLICK\" data-word=\"click\">click<\/span> derecho sobre la imagen y <span class=\"error grammar\" title=\"Probablemente falta una coma.\" data-type=\"grammar\" data-suggestions=\"[{&quot;value&quot;:&quot;seleccionar,&quot;}]\" data-rule=\"AI_ES_HYDRA_LEO_MISSING_COMMA\" data-word=\"seleccionar\">seleccionar<\/span> \u00abGuardar imagen como\u00bb, imprimirla en tu casa y llenarla con tus datos. Y listo las car\u00e1tulas para tu nuevo a\u00f1o escolar. Con T\u00eda Tula todo es m\u00e1s f\u00e1cil.<\/p>\t\t\t\t\t<\/div>\n\t\t\t\t\t\t<\/div>\n\t\t\t\t<\/div>\n\t\t\t\t\t\t<\/div>\n\t\t\t\t\t<\/div>\n\t\t<\/div>\n\t\t\t\t\t\t\t\t<\/div>\n\t\t\t\t\t<\/div>\n\t\t<\/section>\n\t\t\t\t<section class=\"elementor-section elementor-top-section elementor-element elementor-element-ddc4206 elementor-section-boxed elementor-section-height-default elementor-section-height-default\" data-id=\"ddc4206\" data-element_type=\"section\">\n\t\t\t\t\t\t<div class=\"elementor-container elementor-column-gap-default\">\n\t\t\t\t\t\t\t<div class=\"elementor-row\">\n\t\t\t\t\t<div class=\"elementor-column elementor-col-50 elementor-top-column elementor-element elementor-element-3b64084\" data-id=\"3b64084\" data-element_type=\"column\">\n\t\t\t<div class=\"elementor-column-wrap elementor-element-populated\">\n\t\t\t\t\t\t\t<div class=\"elementor-widget-wrap\">\n\t\t\t\t\t\t<div class=\"elementor-element elementor-element-b8e11df elementor-widget elementor-widget-image\" data-id=\"b8e11df\" data-element_type=\"widget\" data-widget_type=\"image.default\">\n\t\t\t\t<div class=\"elementor-widget-container\">\n\t\t\t\t\t\t\t\t<div class=\"elementor-image\">\n\t\t\t\t\t\t\t\t\t\t\t\t<img width=\"724\" height=\"1024\" src=\"https:\/\/www.tiatula.com.ec\/tienda\/wp-content\/uploads\/2022\/08\/portadas-caricaturas_Mesa-de-trabajo-1-724x1024.jpg\" class=\"attachment-large size-large\" alt=\"\" loading=\"lazy\" srcset=\"https:\/\/www.tiatula.com.ec\/tienda\/wp-content\/uploads\/2022\/08\/portadas-caricaturas_Mesa-de-trabajo-1-724x1024.jpg 724w, https:\/\/www.tiatula.com.ec\/tienda\/wp-content\/uploads\/2022\/08\/portadas-caricaturas_Mesa-de-trabajo-1-212x300.jpg 212w, https:\/\/www.tiatula.com.ec\/tienda\/wp-content\/uploads\/2022\/08\/portadas-caricaturas_Mesa-de-trabajo-1-768x1086.jpg 768w, https:\/\/www.tiatula.com.ec\/tienda\/wp-content\/uploads\/2022\/08\/portadas-caricaturas_Mesa-de-trabajo-1-1086x1536.jpg 1086w, https:\/\/www.tiatula.com.ec\/tienda\/wp-content\/uploads\/2022\/08\/portadas-caricaturas_Mesa-de-trabajo-1-1448x2048.jpg 1448w, https:\/\/www.tiatula.com.ec\/tienda\/wp-content\/uploads\/2022\/08\/portadas-caricaturas_Mesa-de-trabajo-1-400x566.jpg 400w, https:\/\/www.tiatula.com.ec\/tienda\/wp-content\/uploads\/2022\/08\/portadas-caricaturas_Mesa-de-trabajo-1-scaled.jpg 1811w\" sizes=\"(max-width: 724px) 100vw, 724px\" \/>\t\t\t\t\t\t\t\t\t\t\t\t\t\t<\/div>\n\t\t\t\t\t\t<\/div>\n\t\t\t\t<\/div>\n\t\t\t\t\t\t<\/div>\n\t\t\t\t\t<\/div>\n\t\t<\/div>\n\t\t\t\t<div class=\"elementor-column elementor-col-50 elementor-top-column elementor-element elementor-element-a73c2c8\" data-id=\"a73c2c8\" data-element_type=\"column\">\n\t\t\t<div class=\"elementor-column-wrap elementor-element-populated\">\n\t\t\t\t\t\t\t<div class=\"elementor-widget-wrap\">\n\t\t\t\t\t\t<div class=\"elementor-element elementor-element-f79b26d elementor-widget elementor-widget-image\" data-id=\"f79b26d\" data-element_type=\"widget\" data-widget_type=\"image.default\">\n\t\t\t\t<div class=\"elementor-widget-container\">\n\t\t\t\t\t\t\t\t<div class=\"elementor-image\">\n\t\t\t\t\t\t\t\t\t\t\t\t<img width=\"724\" height=\"1024\" src=\"https:\/\/www.tiatula.com.ec\/tienda\/wp-content\/uploads\/2022\/08\/portadas-caricaturas-02-724x1024.jpg\" class=\"attachment-large size-large\" alt=\"\" loading=\"lazy\" srcset=\"https:\/\/www.tiatula.com.ec\/tienda\/wp-content\/uploads\/2022\/08\/portadas-caricaturas-02-724x1024.jpg 724w, https:\/\/www.tiatula.com.ec\/tienda\/wp-content\/uploads\/2022\/08\/portadas-caricaturas-02-212x300.jpg 212w, https:\/\/www.tiatula.com.ec\/tienda\/wp-content\/uploads\/2022\/08\/portadas-caricaturas-02-768x1086.jpg 768w, https:\/\/www.tiatula.com.ec\/tienda\/wp-content\/uploads\/2022\/08\/portadas-caricaturas-02-1086x1536.jpg 1086w, https:\/\/www.tiatula.com.ec\/tienda\/wp-content\/uploads\/2022\/08\/portadas-caricaturas-02-1448x2048.jpg 1448w, https:\/\/www.tiatula.com.ec\/tienda\/wp-content\/uploads\/2022\/08\/portadas-caricaturas-02-400x566.jpg 400w, https:\/\/www.tiatula.com.ec\/tienda\/wp-content\/uploads\/2022\/08\/portadas-caricaturas-02-scaled.jpg 1811w\" sizes=\"(max-width: 724px) 100vw, 724px\" \/>\t\t\t\t\t\t\t\t\t\t\t\t\t\t<\/div>\n\t\t\t\t\t\t<\/div>\n\t\t\t\t<\/div>\n\t\t\t\t\t\t<\/div>\n\t\t\t\t\t<\/div>\n\t\t<\/div>\n\t\t\t\t\t\t\t\t<\/div>\n\t\t\t\t\t<\/div>\n\t\t<\/section>\n\t\t\t\t<section class=\"elementor-section elementor-top-section elementor-element elementor-element-0f2fcc1 elementor-section-boxed elementor-section-height-default elementor-section-height-default\" data-id=\"0f2fcc1\" data-element_type=\"section\">\n\t\t\t\t\t\t<div class=\"elementor-container elementor-column-gap-default\">\n\t\t\t\t\t\t\t<div class=\"elementor-row\">\n\t\t\t\t\t<div class=\"elementor-column elementor-col-50 elementor-top-column elementor-element elementor-element-e3a00b6\" data-id=\"e3a00b6\" data-element_type=\"column\">\n\t\t\t<div class=\"elementor-column-wrap elementor-element-populated\">\n\t\t\t\t\t\t\t<div class=\"elementor-widget-wrap\">\n\t\t\t\t\t\t<div class=\"elementor-element elementor-element-7d8c549 elementor-widget elementor-widget-image\" data-id=\"7d8c549\" data-element_type=\"widget\" data-widget_type=\"image.default\">\n\t\t\t\t<div class=\"elementor-widget-container\">\n\t\t\t\t\t\t\t\t<div class=\"elementor-image\">\n\t\t\t\t\t\t\t\t\t\t\t\t<img width=\"593\" height=\"851\" src=\"https:\/\/www.tiatula.com.ec\/tienda\/wp-content\/uploads\/2022\/09\/WhatsApp-Image-2022-09-14-at-10.09.55-AM.jpeg\" class=\"attachment-large size-large\" alt=\"\" loading=\"lazy\" srcset=\"https:\/\/www.tiatula.com.ec\/tienda\/wp-content\/uploads\/2022\/09\/WhatsApp-Image-2022-09-14-at-10.09.55-AM.jpeg 593w, https:\/\/www.tiatula.com.ec\/tienda\/wp-content\/uploads\/2022\/09\/WhatsApp-Image-2022-09-14-at-10.09.55-AM-209x300.jpeg 209w, https:\/\/www.tiatula.com.ec\/tienda\/wp-content\/uploads\/2022\/09\/WhatsApp-Image-2022-09-14-at-10.09.55-AM-400x574.jpeg 400w\" sizes=\"(max-width: 593px) 100vw, 593px\" \/>\t\t\t\t\t\t\t\t\t\t\t\t\t\t<\/div>\n\t\t\t\t\t\t<\/div>\n\t\t\t\t<\/div>\n\t\t\t\t\t\t<\/div>\n\t\t\t\t\t<\/div>\n\t\t<\/div>\n\t\t\t\t<div class=\"elementor-column elementor-col-50 elementor-top-column elementor-element elementor-element-c92d804\" data-id=\"c92d804\" data-element_type=\"column\">\n\t\t\t<div class=\"elementor-column-wrap elementor-element-populated\">\n\t\t\t\t\t\t\t<div class=\"elementor-widget-wrap\">\n\t\t\t\t\t\t<div class=\"elementor-element elementor-element-5beac06 elementor-widget elementor-widget-image\" data-id=\"5beac06\" data-element_type=\"widget\" data-widget_type=\"image.default\">\n\t\t\t\t<div class=\"elementor-widget-container\">\n\t\t\t\t\t\t\t\t<div class=\"elementor-image\">\n\t\t\t\t\t\t\t\t\t\t\t\t<img width=\"592\" height=\"851\" src=\"https:\/\/www.tiatula.com.ec\/tienda\/wp-content\/uploads\/2022\/09\/WhatsApp-Image-2022-09-14-at-10.09.54-AM.jpeg\" class=\"attachment-large size-large\" alt=\"\" loading=\"lazy\" srcset=\"https:\/\/www.tiatula.com.ec\/tienda\/wp-content\/uploads\/2022\/09\/WhatsApp-Image-2022-09-14-at-10.09.54-AM.jpeg 592w, https:\/\/www.tiatula.com.ec\/tienda\/wp-content\/uploads\/2022\/09\/WhatsApp-Image-2022-09-14-at-10.09.54-AM-209x300.jpeg 209w, https:\/\/www.tiatula.com.ec\/tienda\/wp-content\/uploads\/2022\/09\/WhatsApp-Image-2022-09-14-at-10.09.54-AM-400x575.jpeg 400w\" sizes=\"(max-width: 592px) 100vw, 592px\" \/>\t\t\t\t\t\t\t\t\t\t\t\t\t\t<\/div>\n\t\t\t\t\t\t<\/div>\n\t\t\t\t<\/div>\n\t\t\t\t\t\t<\/div>\n\t\t\t\t\t<\/div>\n\t\t<\/div>\n\t\t\t\t\t\t\t\t<\/div>\n\t\t\t\t\t<\/div>\n\t\t<\/section>\n\t\t\t\t\t\t\t\t\t<\/div>\n\t\t\t<\/div>\n\t\t\t\t\t<\/div>\n\t\t","protected":false},"excerpt":{"rendered":"<p>Descarga las caratulas que m\u00e1s te gusten. Solo debes dar click derecho sobre la imagen y seleccionar \u00abGuardar imagen como\u00bb, imprimirla en tu casa y llenarla con tus datos. Y listo las car\u00e1tulas para tu nuevo a\u00f1o escolar. Con T\u00eda Tula todo es m\u00e1s f\u00e1cil.<\/p>\n","protected":false},"author":2,"featured_media":0,"parent":0,"menu_order":0,"comment_status":"closed","ping_status":"closed","template":"","meta":{"_joinchat":[]},"_links":{"self":[{"href":"https:\/\/www.tiatula.com.ec\/tienda\/wp-json\/wp\/v2\/pages\/26684"}],"collection":[{"href":"https:\/\/www.tiatula.com.ec\/tienda\/wp-json\/wp\/v2\/pages"}],"about":[{"href":"https:\/\/www.tiatula.com.ec\/tienda\/wp-json\/wp\/v2\/types\/page"}],"author":[{"embeddable":true,"href":"https:\/\/www.tiatula.com.ec\/tienda\/wp-json\/wp\/v2\/users\/2"}],"replies":[{"embeddable":true,"href":"https:\/\/www.tiatula.com.ec\/tienda\/wp-json\/wp\/v2\/comments?post=26684"}],"version-history":[{"count":9,"href":"https:\/\/www.tiatula.com.ec\/tienda\/wp-json\/wp\/v2\/pages\/26684\/revisions"}],"predecessor-version":[{"id":26716,"href":"https:\/\/www.tiatula.com.ec\/tienda\/wp-json\/wp\/v2\/pages\/26684\/revisions\/26716"}],"wp:attachment":[{"href":"https:\/\/www.tiatula.com.ec\/tienda\/wp-json\/wp\/v2\/media?parent=26684"}],"curies":[{"name":"wp","href":"https:\/\/api.w.org\/{rel}","templated":true}]}}